{"id":26,"date":"2018-08-02T21:51:20","date_gmt":"2018-08-02T19:51:20","guid":{"rendered":"http:\/\/akademia-przedszkolaka.net.pl\/grybow\/?page_id=26"},"modified":"2026-03-05T21:19:12","modified_gmt":"2026-03-05T20:19:12","slug":"o-nas","status":"publish","type":"page","link":"http:\/\/akademia-przedszkolaka.net.pl\/nowy-sacz\/o-nas\/","title":{"rendered":"O nas"},"content":{"rendered":"\r\n<h1 style=\"text-align: center;\"><em><strong><span style=\"color: #ff0000;\">A<\/span><span style=\"color: #2da7ed;\">k<\/span><span style=\"color: #b7f205;\">a<\/span><span style=\"color: #c871de;\">d<\/span><span style=\"color: #ff9900;\">e<\/span><span style=\"color: #ff0000;\">m<\/span><span style=\"color: #2da7ed;\">i<\/span><span style=\"color: #b7f205;\">a<\/span> <span style=\"color: #800080;\">P<\/span><span style=\"color: #ff9900;\">r<\/span><span style=\"color: #2da7ed;\">z<\/span><span style=\"color: #b7f205;\">e<\/span><span style=\"color: #800080;\">d<\/span><span style=\"color: #c4ab45;\">s<\/span><span style=\"color: #ffcc00;\">z<\/span><span style=\"color: #2da7ed;\">k<\/span><span style=\"color: #b7f205;\">o<\/span><span style=\"color: #800080;\">l<\/span><span style=\"color: #c4ab45;\">a<\/span><span style=\"color: #ff0000;\">k<\/span><span style=\"color: #2da7ed;\">a<\/span> <\/strong><\/em><br \/>to przedszkole z grup\u0105 \u017c\u0142obkow\u0105, usytuowane w malowniczej lokalizacji. <br \/>Dzia\u0142amy od 2018 roku. Oferujemy szeroki wachlarz zaj\u0119\u0107 dodatkowych i fantastyczn\u0105, wykwalifikowan\u0105 kadr\u0119!<\/h1>\r\n<h1 style=\"text-align: center;\">Nasze dzieci maj\u0105 wspania\u0142\u0105 opiek\u0119, wysoki poziom edukacji i bogat\u0105 ofert\u0119 zaj\u0119\u0107 dodatkowych, a to wszystko za spraw\u0105 fachowej i fantastycznej kadry!<\/h1>\r\n<p>&nbsp;<\/p>\r\n<p>&nbsp;<\/p>\r\n<h4 style=\"text-align: left;\">W ramach czesnego dzieci korzystaj\u0105 u nas z zaj\u0119\u0107 takich jak:<\/h4>\r\n<table style=\"border: none;\">\r\n<tbody>\r\n<tr style=\"border: none;\">\r\n<td style=\"border: none;\">\r\n<h4 style=\"text-align: left;\"><span style=\"color: #2da7ed;\">&#8211;<\/span>\u00a0neurodydaktyka<br \/><span style=\"color: #ff00ff;\">&#8211;<\/span>\u00a0j\u0119zyk angielski<br \/><span style=\"color: #ff9900;\">&#8211;<\/span>\u00a0j\u0119zyk migowy<br \/><span style=\"color: #ffff00;\">&#8211;<\/span>\u00a0religia<br \/><span style=\"color: #b7f205;\">&#8211;<\/span>\u00a0dogoterapia<br \/><span style=\"color: #00ffff;\">&#8211;<\/span>\u00a0zaj\u0119cia tematyczne \u2013 \u201eLaboratorium dla Smyka\u201d, zaj\u0119cia komputerowe, kulinarne, garncarskie czy ogrodnicze<br \/><span style=\"color: #cc99ff;\">&#8211;<\/span>\u00a0rytmika<br \/><span style=\"color: #b7f205;\">&#8211;\u00a0<\/span>zaj\u0119cia taneczne \u2013 prowadzone przez zewn\u0119trzn\u0105 szko\u0142\u0119 ta\u0144ca WirDance<br \/><span style=\"color: #ff6600;\">&#8211;<\/span>\u00a0zaj\u0119cia z programowania<br \/><span style=\"color: #ffff00;\">&#8211;<\/span>\u00a0zaj\u0119cia biblioteczne wraz z wypo\u017cyczalni\u0105 \u201eMa\u0142ego czytelnika\u201d<\/h4>\r\n<\/td>\r\n<td style=\"border: none;\"><br \/>\r\n<figure id=\"attachment_1722\" aria-describedby=\"caption-attachment-1722\" style=\"width: 346px\" class=\"wp-caption aligncenter\"><a href=\"http:\/\/akademia-przedszkolaka.net.pl\/nowy-sacz\/wp-content\/uploads\/sites\/3\/2025\/03\/gotowe2.png\"><img decoding=\"async\" loading=\"lazy\" class=\"wp-image-1722 \" src=\"http:\/\/akademia-przedszkolaka.net.pl\/nowy-sacz\/wp-content\/uploads\/sites\/3\/2025\/03\/gotowe2-300x207.png\" alt=\"\" width=\"346\" height=\"239\" srcset=\"http:\/\/akademia-przedszkolaka.net.pl\/nowy-sacz\/wp-content\/uploads\/sites\/3\/2025\/03\/gotowe2-300x207.png 300w, http:\/\/akademia-przedszkolaka.net.pl\/nowy-sacz\/wp-content\/uploads\/sites\/3\/2025\/03\/gotowe2-768x530.png 768w, http:\/\/akademia-przedszkolaka.net.pl\/nowy-sacz\/wp-content\/uploads\/sites\/3\/2025\/03\/gotowe2.png 835w\" sizes=\"(max-width: 346px) 100vw, 346px\" \/><\/a><figcaption id=\"caption-attachment-1722\" class=\"wp-caption-text\">Raz, dwa, trzy &#8211; wko\u0142o drzewa mr\u00f3wki sz\u0142y\u00a0\u00a0 Cztery, pi\u0119\u0107, sze\u015b\u0107 &#8211; do zabawy ju\u017c mam ch\u0119\u0107!<\/figcaption><\/figure>\r\n<\/td>\r\n<\/tr>\r\n<\/tbody>\r\n<\/table>\r\n<h3 style=\"text-align: center;\">Ka\u017cdy nasz podopieczny ma mo\u017cliwo\u015b\u0107 uczestniczenia w zaj\u0119ciach <span style=\"color: #e5b5f5;\">gimnastyki korekcyjnej<\/span>, <br \/>jest obj\u0119ty fantastyczn\u0105 <span style=\"color: #ffcc99;\">opiek\u0105 terapeuty logopedycznego<\/span>, <br \/><span style=\"color: #aae657;\">pomoc\u0105 psychologiczno-pedagogiczn\u0105<\/span> oraz <br \/>pe\u0142n\u0105 empatii, troski i czu\u0142o\u015bci kadr\u0105 pedagogiczn\u0105.<\/h3>\r\n<h3>\u00a0<\/h3>\r\n<h3 style=\"text-align: center;\"><span style=\"color: #ccffff;\">I to wszystko jest w ramach op\u0142at za przedszkole!<\/span> <br \/>U nas \u017caden z rodzic\u00f3w nie ponosi \u017cadnych dodatkowych koszt\u00f3w <br \/>zwi\u0105zanych z zaj\u0119ciami w naszym przedszkolu i \u017c\u0142obku!<\/h3>\r\n<p>&nbsp;<\/p>\r\n<p>&nbsp;<\/p>\r\n<h4><a href=\"http:\/\/akademia-przedszkolaka.net.pl\/nowy-sacz\/wp-content\/uploads\/sites\/3\/2025\/03\/gotowe.png\"><img decoding=\"async\" loading=\"lazy\" class=\"wp-image-1720 aligncenter\" src=\"http:\/\/akademia-przedszkolaka.net.pl\/nowy-sacz\/wp-content\/uploads\/sites\/3\/2025\/03\/gotowe-300x240.png\" alt=\"\" width=\"353\" height=\"282\" srcset=\"http:\/\/akademia-przedszkolaka.net.pl\/nowy-sacz\/wp-content\/uploads\/sites\/3\/2025\/03\/gotowe-300x240.png 300w, http:\/\/akademia-przedszkolaka.net.pl\/nowy-sacz\/wp-content\/uploads\/sites\/3\/2025\/03\/gotowe-768x615.png 768w, http:\/\/akademia-przedszkolaka.net.pl\/nowy-sacz\/wp-content\/uploads\/sites\/3\/2025\/03\/gotowe.png 866w\" sizes=\"(max-width: 353px) 100vw, 353px\" \/><\/a><\/h4>\r\n<p style=\"text-align: center;\">Wiosna, lato, jesie\u0144, zima<br \/><br \/>Ka\u017cdy na powietrzu \u015bmiga!<\/p>\r\n<p>&nbsp;<\/p>\r\n<p>&nbsp;<\/p>\r\n<h4 style=\"text-align: center;\">Ka\u017cdego dnia serwujemy dzieciom zbilansowan\u0105 diet\u0119 sk\u0142adaj\u0105c\u0105 si\u0119 z 3 posi\u0142k\u00f3w (\u015bniadanie, obiad i podwieczorek) <br \/>oraz dodatkowo przek\u0105ski owocowo-warzywnej.<\/h4>\r\n<h4 style=\"text-align: center;\">Opr\u00f3cz tego wszystkie nasze pociechy chodz\u0105 na <span style=\"color: #ff6600;\">spacery lub do ogrodu codziennie<\/span>, <span style=\"color: #ff6600;\">niezale\u017cnie od pogody<\/span>.<\/h4>\r\n<p style=\"text-align: center;\">\u00a0<\/p>\r\n<p>&nbsp;<\/p>\r\n<h1 style=\"text-align: center;\"><span style=\"color: #ff0000;\"><strong><em>Z<\/em><\/strong><\/span><span style=\"color: #993300;\"><strong><em>a<\/em><\/strong><\/span><span style=\"color: #ffff00;\"><strong><em>p<\/em><\/strong><\/span><span style=\"color: #b7f205;\"><strong><em>r<\/em><\/strong><\/span><span style=\"color: #cc99ff;\"><strong><em>a<\/em><\/strong><\/span><span style=\"color: #0000ff;\"><strong><em>s<\/em><\/strong><\/span><span style=\"color: #00ffff;\"><strong><em>z<\/em><\/strong><\/span><span style=\"color: #ff9900;\"><strong><em>a<\/em><\/strong><\/span><span style=\"color: #ff00ff;\"><strong><em>m<\/em><\/strong><\/span><strong><em><span style=\"color: #339966;\">y<\/span> <br \/><\/em><\/strong><strong><em>do odwiedzin wirtualnych i w realu!<br \/>Do zobaczenia!<\/em><\/strong><\/h1>\r\n<p>&nbsp;<\/p>\r\n<p>&nbsp;<\/p>\r\n<p>&nbsp;<\/p>\r\n\r\n\r\n\r\n<p style=\"text-align: right;\">Regulamin przedszkola do pobrania poni\u017cej:<\/p>\r\n\r\n\r\n\r\n<div class=\"wp-block-file\" style=\"text-align: right;\"><a class=\"wp-block-file__button\" href=\"http:\/\/akademia-przedszkolaka.net.pl\/nowy-sacz\/wp-content\/uploads\/sites\/3\/2018\/10\/regulamin.pdf\">Pobierz<\/a><\/div>\r\n","protected":false},"excerpt":{"rendered":"<p>Akademia Przedszkolaka to przedszkole z grup\u0105 \u017c\u0142obkow\u0105, usytuowane w malowniczej lokalizacji. Dzia\u0142amy od 2018 roku. Oferujemy szeroki wachlarz zaj\u0119\u0107 dodatkowych i fantastyczn\u0105, wykwalifikowan\u0105 kadr\u0119! Nasze dzieci maj\u0105 wspania\u0142\u0105 opiek\u0119, wysoki poziom edukacji i bogat\u0105 ofert\u0119 zaj\u0119\u0107 dodatkowych, a to wszystko za spraw\u0105 fachowej i fantastycznej kadry! &nbsp; &nbsp; W ramach czesnego dzieci korzystaj\u0105 u nas&#8230;<\/p>\n","protected":false},"author":1,"featured_media":197,"parent":0,"menu_order":0,"comment_status":"closed","ping_status":"closed","template":"","meta":[],"_links":{"self":[{"href":"http:\/\/akademia-przedszkolaka.net.pl\/nowy-sacz\/wp-json\/wp\/v2\/pages\/26"}],"collection":[{"href":"http:\/\/akademia-przedszkolaka.net.pl\/nowy-sacz\/wp-json\/wp\/v2\/pages"}],"about":[{"href":"http:\/\/akademia-przedszkolaka.net.pl\/nowy-sacz\/wp-json\/wp\/v2\/types\/page"}],"author":[{"embeddable":true,"href":"http:\/\/akademia-przedszkolaka.net.pl\/nowy-sacz\/wp-json\/wp\/v2\/users\/1"}],"replies":[{"embeddable":true,"href":"http:\/\/akademia-przedszkolaka.net.pl\/nowy-sacz\/wp-json\/wp\/v2\/comments?post=26"}],"version-history":[{"count":18,"href":"http:\/\/akademia-przedszkolaka.net.pl\/nowy-sacz\/wp-json\/wp\/v2\/pages\/26\/revisions"}],"predecessor-version":[{"id":1734,"href":"http:\/\/akademia-przedszkolaka.net.pl\/nowy-sacz\/wp-json\/wp\/v2\/pages\/26\/revisions\/1734"}],"wp:featuredmedia":[{"embeddable":true,"href":"http:\/\/akademia-przedszkolaka.net.pl\/nowy-sacz\/wp-json\/wp\/v2\/media\/197"}],"wp:attachment":[{"href":"http:\/\/akademia-przedszkolaka.net.pl\/nowy-sacz\/wp-json\/wp\/v2\/media?parent=26"}],"curies":[{"name":"wp","href":"https:\/\/api.w.org\/{rel}","templated":true}]}}