{"id":2,"date":"2018-08-02T16:47:25","date_gmt":"2018-08-02T14:47:25","guid":{"rendered":"http:\/\/akademia-przedszkolaka.net.pl\/nowy-sacz\/?page_id=2"},"modified":"2022-02-09T17:13:52","modified_gmt":"2022-02-09T16:13:52","slug":"materialy-dydaktyczne","status":"publish","type":"page","link":"http:\/\/akademia-przedszkolaka.net.pl\/nowy-sacz\/materialy-dydaktyczne\/","title":{"rendered":"Materia\u0142y dydaktyczne"},"content":{"rendered":"<h3>W zwi\u0105zku z obecn\u0105 sytuacj\u0105 epidemiczn\u0105 na tej stronie b\u0119dziemy zamieszcza\u0107 materia\u0142y dydaktyczne do opracowania w domu.<\/h3>\n<p>&nbsp;<\/p>\n<p>Materia\u0142y do pobrania:<\/p>\n<p><strong>29.03.2021\u00a0 &#8211;\u00a0 \u017buczki I, \u017buczki II, Motylki<\/strong><\/p>\n<p><a href=\"http:\/\/akademia-przedszkolaka.net.pl\/nowy-sacz\/wp-content\/uploads\/sites\/3\/2021\/03\/Wielkanoc.docx\">Wielkanoc<\/a><\/p>\n<p><strong>29.03.2021 &#8211; Biedronki i Pszcz\u00f3\u0142ki<\/strong><\/p>\n<p><a href=\"http:\/\/akademia-przedszkolaka.net.pl\/nowy-sacz\/wp-content\/uploads\/sites\/3\/2021\/03\/Wielkanoc-zadania-Biedronki-i-Pszcz\u00f3\u0142ki.docx\">Wielkanoc &#8211; zadania<\/a><\/p>\n<p><a href=\"http:\/\/akademia-przedszkolaka.net.pl\/nowy-sacz\/wp-content\/uploads\/sites\/3\/2021\/03\/Wielkanocne-tradycje-opowiadanie.pdf\">&#8222;Wielkanocne tradycje&#8221; &#8211; opowiadanie<\/a><\/p>\n<p><a href=\"http:\/\/akademia-przedszkolaka.net.pl\/nowy-sacz\/wp-content\/uploads\/sites\/3\/2021\/03\/Wielkanocne-tradycje-ilustracje.pdf\">&#8222;Wielkanocne tradycje&#8221; &#8211; ilustracje<\/a><\/p>\n<p><a href=\"http:\/\/akademia-przedszkolaka.net.pl\/nowy-sacz\/wp-content\/uploads\/sites\/3\/2021\/03\/Wielkanocna-niespodzianka-historyjka-obrazkowa.pdf\">&#8222;Wielkanocna niespodzianka&#8221; &#8211; historyjka obrazkowa<\/a><\/p>\n<p><a href=\"http:\/\/akademia-przedszkolaka.net.pl\/nowy-sacz\/wp-content\/uploads\/sites\/3\/2021\/03\/\u0106wiczenia-grafomotoryczne.pdf\">\u0106wiczenia grafomotoryczne<\/a><\/p>\n<p><strong>30.03.2021 &#8211; Pszcz\u00f3\u0142ki<\/strong><\/p>\n<p><a href=\"http:\/\/akademia-przedszkolaka.net.pl\/nowy-sacz\/wp-content\/uploads\/sites\/3\/2021\/03\/MATERIA\u0141Y-DODATKOWE-DLA-DZIECI-Z-GRUPY.docx\">Materia\u0142y dodatkowe<\/a><\/p>\n<p><a href=\"http:\/\/akademia-przedszkolaka.net.pl\/nowy-sacz\/wp-content\/uploads\/sites\/3\/2021\/03\/Wielkanoc-30.03.2021.doc\">Wielkanoc-30.03.2021.doc- \u017buczki I, \u017buczki II, Motylki, Biedronki, Pszcz\u00f3\u0142ki<\/a><\/p>\n<p>&nbsp;<\/p>\n<p><strong>31.03.2021 &#8211; \u017buczki I, \u017buczki II, Motylki, Biedronki, Pszcz\u00f3\u0142ki<\/strong><\/p>\n<p><a href=\"http:\/\/akademia-przedszkolaka.net.pl\/nowy-sacz\/wp-content\/uploads\/sites\/3\/2021\/03\/WIELKANOC-wszyscy.docx\">Wielkanoc &#8211; zadania\u00a0<\/a><\/p>\n<p><a href=\"http:\/\/akademia-przedszkolaka.net.pl\/nowy-sacz\/wp-content\/uploads\/sites\/3\/2021\/03\/\u0106wiczenia-grafomotoryczne-1.pdf\">\u0106wiczenia grafomotoryczne &#8211; Motylki, Biedronki, Pszcz\u00f3\u0142ki<\/a><\/p>\n<p>&nbsp;<\/p>\n<p><strong>01.04.2021 &#8211; Materia\u0142y dodatkowe Pszcz\u00f3\u0142ki<\/strong><\/p>\n<p><a href=\"http:\/\/akademia-przedszkolaka.net.pl\/nowy-sacz\/wp-content\/uploads\/sites\/3\/2021\/03\/Karty-matematyczne-Pszcz\u00f3\u0142ki.docx\">Zadania<\/a><\/p>\n<p><a href=\"http:\/\/akademia-przedszkolaka.net.pl\/nowy-sacz\/wp-content\/uploads\/sites\/3\/2021\/03\/Wielkanoc-rebus-matematyczny.pdf\">Wielkanoc &#8211; rebus matematyczny<\/a><\/p>\n<p><a href=\"http:\/\/akademia-przedszkolaka.net.pl\/nowy-sacz\/wp-content\/uploads\/sites\/3\/2021\/03\/Biegnij-baranku-zabawa-matematyczna.pdf\">Biegnij, baranku &#8211; zabawa matematyczna<\/a><\/p>\n<p>&nbsp;<\/p>\n<p><strong>01.04.2021 &#8211; \u017buczki I, \u017buczki II, Motylki, Biedronki, Pszcz\u00f3\u0142ki\u00a0<\/strong><\/p>\n<p><a href=\"http:\/\/akademia-przedszkolaka.net.pl\/nowy-sacz\/wp-content\/uploads\/sites\/3\/2021\/04\/Wielkanoc-zadania.docx\">Wielkanoc &#8211; zadania<\/a><\/p>\n<p><strong>06.04.2021 &#8211; Pszcz\u00f3\u0142ki<\/strong><\/p>\n<p><a href=\"http:\/\/akademia-przedszkolaka.net.pl\/nowy-sacz\/wp-content\/uploads\/sites\/3\/2021\/04\/zadania-6-latki.pdf\">Materia\u0142y dodatkowe:\u00a0 6-latki<\/a><\/p>\n<p><a href=\"http:\/\/akademia-przedszkolaka.net.pl\/nowy-sacz\/wp-content\/uploads\/sites\/3\/2021\/04\/lecimy-w-kosmos.doc\">lecimy-w-kosmos.doc &#8211; <\/a>\u017buczki I, \u017buczki II, Motylki, Biedronki, Pszcz\u00f3\u0142ki<\/p>\n<p>&nbsp;<\/p>\n<p><strong>07.04.2021 &#8211; \u017buczki I, \u017buczki II, Motylki, Biedronki, Pszcz\u00f3\u0142ki<\/strong><\/p>\n<p><a href=\"http:\/\/akademia-przedszkolaka.net.pl\/nowy-sacz\/wp-content\/uploads\/sites\/3\/2021\/04\/KOSMOS-wszyscy.docx\">Kosmos &#8211; zadania<\/a><\/p>\n<p><a href=\"http:\/\/akademia-przedszkolaka.net.pl\/nowy-sacz\/wp-content\/uploads\/sites\/3\/2021\/04\/Tworzymy-Uk\u0142ad-S\u0142oneczny-planety.pdf\">Tworzymy Uk\u0142ad S\u0142oneczny &#8211; planety<\/a><\/p>\n<p><a href=\"http:\/\/akademia-przedszkolaka.net.pl\/nowy-sacz\/wp-content\/uploads\/sites\/3\/2021\/04\/Gwiezdne-niebo-szablon.pdf\">Gwiezdne niebo &#8211; szablony<\/a><\/p>\n<p><a href=\"http:\/\/akademia-przedszkolaka.net.pl\/nowy-sacz\/wp-content\/uploads\/sites\/3\/2021\/04\/Kosmiczny-labirynt.pdf\">Kosmiczny labirynt<\/a><\/p>\n<p><a href=\"http:\/\/akademia-przedszkolaka.net.pl\/nowy-sacz\/wp-content\/uploads\/sites\/3\/2021\/04\/\u0106wiczenia-grafomotoryczne.pdf\">\u0106wiczenia grafomotoryczne<\/a><\/p>\n<p><a href=\"http:\/\/akademia-przedszkolaka.net.pl\/nowy-sacz\/wp-content\/uploads\/sites\/3\/2021\/04\/MATERIA\u0141Y-DODATKOWE-DLA-GRUPY-2.docx\">Materia\u0142y dodatkowe dla grupy 2<\/a><\/p>\n<p>&nbsp;<\/p>\n<p><strong>08.04.2021 &#8211; \u017buczki I, \u017buczki II, Motylki, Biedronki, Pszcz\u00f3\u0142ki\u00a0<\/strong><\/p>\n<p><a href=\"http:\/\/akademia-przedszkolaka.net.pl\/nowy-sacz\/wp-content\/uploads\/sites\/3\/2021\/04\/Lecimy-w-kosmos.docx\">Lecimy w kosmos<\/a><\/p>\n<p><a href=\"http:\/\/akademia-przedszkolaka.net.pl\/nowy-sacz\/wp-content\/uploads\/sites\/3\/2021\/04\/pi\u0105tek-09.04.21.doc\">Lecimy w kosmos -\u017buczki i, \u017buczki II, Motylki, Biedronki, Pszcz\u00f3\u0142ki<\/a><\/p>\n<p><a href=\"http:\/\/akademia-przedszkolaka.net.pl\/nowy-sacz\/wp-content\/uploads\/sites\/3\/2021\/04\/J\u0118ZYK-ANGIELSKI.docx\">J\u0119zyk angielski<\/a><\/p>\n<p>&nbsp;<\/p>\n<p><strong>12.04.2021 &#8211; Biedronki i Pszcz\u00f3\u0142ki<\/strong><\/p>\n<p><a href=\"http:\/\/akademia-przedszkolaka.net.pl\/nowy-sacz\/wp-content\/uploads\/sites\/3\/2021\/04\/WIOSENNE-PORZ\u0104DKI-Biedronki-i-Pszcz\u00f3\u0142ki.docx\">Wiosenne porz\u0105dki &#8211; zadania<\/a><\/p>\n<p><a href=\"http:\/\/akademia-przedszkolaka.net.pl\/nowy-sacz\/wp-content\/uploads\/sites\/3\/2021\/04\/Za\u0142\u0105czniki-Biedronki-i-Pszcz\u00f3\u0142ki.docx\">Wiosenne porz\u0105dki &#8211; za\u0142\u0105czniki<\/a><\/p>\n<p><a href=\"http:\/\/akademia-przedszkolaka.net.pl\/nowy-sacz\/wp-content\/uploads\/sites\/3\/2021\/04\/Szablon-Sadzimy-kwiaty-praca-techniczna.pdf\">Sadzimy kwiaty &#8211; szablon<\/a><\/p>\n<p>&nbsp;<\/p>\n<p><strong>12.04.2021 -\u017buczki I, \u017buczki II, Motylki\u00a0<\/strong><\/p>\n<p><a href=\"http:\/\/akademia-przedszkolaka.net.pl\/nowy-sacz\/wp-content\/uploads\/sites\/3\/2021\/04\/Wiosenne-porz\u0105dki.docx\">Wiosenne porz\u0105dki<\/a><\/p>\n<p>&nbsp;<\/p>\n<p><strong>13.04.2021<\/strong><\/p>\n<p><a href=\"http:\/\/akademia-przedszkolaka.net.pl\/nowy-sacz\/wp-content\/uploads\/sites\/3\/2021\/04\/MATERIA\u0141Y-DODATKOWE-DLA-DZIECI-Z-GRUPY.docx\">J\u0119zyk angielski<\/a><\/p>\n<p><a href=\"http:\/\/akademia-przedszkolaka.net.pl\/nowy-sacz\/wp-content\/uploads\/sites\/3\/2021\/04\/MATERIA\u0141Y-DODATKOWE-DLA-DZIECI-Z-GRUPY.docx\">Materia\u0142y dodatkowe dla grupy Pszcz\u00f3\u0142ki<\/a><\/p>\n<h3><a href=\"http:\/\/akademia-przedszkolaka.net.pl\/nowy-sacz\/wp-content\/uploads\/sites\/3\/2021\/04\/WIOSENNE-PORZ\u0104DKI.doc\">WIOSENNE PORZ\u0104DKI<\/a> &#8211; \u017buczki I, \u017buczki II, Motylki, Biedronki, Pszcz\u00f3\u0142ki<\/h3>\n<p>&nbsp;<\/p>\n<p><strong>13.04.2021 &#8211; \u017buczki I, \u017buczki II, Motylki, Biedronki, Pszcz\u00f3\u0142ki<\/strong><\/p>\n<p><a href=\"http:\/\/akademia-przedszkolaka.net.pl\/nowy-sacz\/wp-content\/uploads\/sites\/3\/2021\/04\/WIOSENNE-PORZ\u0104DKI-wszyscy.docx\">Wiosenne porz\u0105dki &#8211; zadania<\/a><\/p>\n<p><a href=\"http:\/\/akademia-przedszkolaka.net.pl\/nowy-sacz\/wp-content\/uploads\/sites\/3\/2021\/04\/Za\u0142\u0105czniki-Wiosenne-porz\u0105dki.docx\">Wiosenne porz\u0105dki &#8211; za\u0142\u0105czniki<\/a><\/p>\n<p><a href=\"http:\/\/akademia-przedszkolaka.net.pl\/nowy-sacz\/wp-content\/uploads\/sites\/3\/2021\/04\/Szablon-M\u00f3j-ogr\u00f3d-praca-plastyczna.pdf\">M\u00f3j ogr\u00f3d &#8211; szablon<\/a><\/p>\n<p><a href=\"http:\/\/akademia-przedszkolaka.net.pl\/nowy-sacz\/wp-content\/uploads\/sites\/3\/2021\/04\/Piosenka-Wiosenne-porz\u0105dki.mp3\">Wiosenne porz\u0105dki &#8211; piosenka<\/a><\/p>\n<p><a href=\"http:\/\/akademia-przedszkolaka.net.pl\/nowy-sacz\/wp-content\/uploads\/sites\/3\/2021\/04\/Grafomotoryka-Ogr\u00f3dek.pdf\">\u0106wiczenia grafomotoryczne &#8211; Motylki, Biedronki, Pszcz\u00f3\u0142ki<\/a><\/p>\n<p><strong>15.04.2021 &#8211; \u017buczki I, \u017buczki II, Motylki, Biedronki, Pszcz\u00f3\u0142ki\u00a0<\/strong><\/p>\n<p><a href=\"http:\/\/akademia-przedszkolaka.net.pl\/nowy-sacz\/wp-content\/uploads\/sites\/3\/2021\/04\/Wiosenne-porz\u0105dki-15.04.docx\">Wiosenne porz\u0105dki 15.04<\/a><\/p>\n<p><a href=\"http:\/\/akademia-przedszkolaka.net.pl\/nowy-sacz\/wp-content\/uploads\/sites\/3\/2021\/04\/Kodowanie-na-dywanie.pdf\">Materia\u0142y dodatkowe dla grupy &#8222;Pszcz\u00f3\u0142ki&#8221;<\/a><\/p>\n<p><strong>16.04.2021<\/strong><\/p>\n<h3><a href=\"http:\/\/akademia-przedszkolaka.net.pl\/nowy-sacz\/wp-content\/uploads\/sites\/3\/2021\/04\/Wiosenne-porz\u0105dki-2.docx\">Wiosenne porz\u0105dki- \u017buczki I, \u017buczki II, Motylki, Biedronki, Pszcz\u00f3\u0142ki<\/a><\/h3>\n<p><strong>Grudzie\u0144 2021\/Pszcz\u00f3\u0142ki<\/strong><\/p>\n<h3><a href=\"http:\/\/akademia-przedszkolaka.net.pl\/nowy-sacz\/wp-content\/uploads\/sites\/3\/2021\/12\/zaj\u0119cia-dydaktyczne-14.12.21.docx\">zaj\u0119cia dydaktyczne wtorek 14.12.2021<\/a><\/h3>\n<h3><a href=\"http:\/\/akademia-przedszkolaka.net.pl\/nowy-sacz\/wp-content\/uploads\/sites\/3\/2021\/12\/zaj\u0119cia-dydaktyczne-15.12.21.docx\">zaj\u0119cia dydaktyczne \u015broda 15.12.2021<\/a><\/h3>\n<h3><a href=\"http:\/\/akademia-przedszkolaka.net.pl\/nowy-sacz\/wp-content\/uploads\/sites\/3\/2021\/12\/zajecia-dydaktyczne-16.12.2021.docx\">zaj\u0119cia dydaktyczne czwartek 16.12.2021<\/a><\/h3>\n<h3><a href=\"http:\/\/akademia-przedszkolaka.net.pl\/nowy-sacz\/wp-content\/uploads\/sites\/3\/2021\/12\/zaj\u0119cia-dydaktyczne-17.12.21.docx\">zaj\u0119cia dydaktyczne pi\u0105tek 17.12.2o21<\/a><\/h3>\n<p><strong>Luty &#8211; S\u00f3wki 2022<\/strong><\/p>\n<p><a href=\"http:\/\/akademia-przedszkolaka.net.pl\/nowy-sacz\/wp-content\/uploads\/sites\/3\/2022\/02\/litera.pdf\">karty pracy &#8211; litera W<\/a><\/p>\n<p><a href=\"http:\/\/akademia-przedszkolaka.net.pl\/nowy-sacz\/wp-content\/uploads\/sites\/3\/2022\/02\/cyfra-0.pdf\">karta pracy &#8211; cyfra 0<\/a><\/p>\n<p><a href=\"http:\/\/akademia-przedszkolaka.net.pl\/nowy-sacz\/wp-content\/uploads\/sites\/3\/2022\/02\/zagadki_postacie_z_bajek.pdf\">zagadki o postaciach z bajek<\/a><\/p>\n<p><a href=\"http:\/\/akademia-przedszkolaka.net.pl\/nowy-sacz\/wp-content\/uploads\/sites\/3\/2022\/02\/nadzieja-dla-matki-natury-238-7673.pdf\">Opowiadanie &#8211; za\u0142\u0105cznik 1<\/a><\/p>\n<p><a href=\"http:\/\/akademia-przedszkolaka.net.pl\/nowy-sacz\/wp-content\/uploads\/sites\/3\/2022\/02\/nadzieja-dla-matki-natury-pd-238-1882.pdf\">Opowiadanie &#8211; ilustracje do za\u0142\u0105cznika 1<\/a><\/p>\n<p><a href=\"http:\/\/akademia-przedszkolaka.net.pl\/nowy-sacz\/wp-content\/uploads\/sites\/3\/2022\/02\/opowiesc-o-dzielnych-debiakach-magicznym-eliksirze-i-zlym-smoku-238-4653.pdf\">Opowiadanie &#8211; za\u0142\u0105cznik 2<\/a><\/p>\n<p><a href=\"http:\/\/akademia-przedszkolaka.net.pl\/nowy-sacz\/wp-content\/uploads\/sites\/3\/2022\/02\/opowiesc-o-dzielnych-debiakach-magicznym-eliksirze-i-zlym-smoku-pd-238-9205.pdf\">Opowiadanie &#8211; ilustracje do za\u0142\u0105cznika 2<\/a><\/p>\n","protected":false},"excerpt":{"rendered":"<p>W zwi\u0105zku z obecn\u0105 sytuacj\u0105 epidemiczn\u0105 na tej stronie b\u0119dziemy zamieszcza\u0107 materia\u0142y dydaktyczne do opracowania w domu. &nbsp; Materia\u0142y do pobrania: 29.03.2021\u00a0 &#8211;\u00a0 \u017buczki I, \u017buczki II, Motylki Wielkanoc 29.03.2021 &#8211; Biedronki i Pszcz\u00f3\u0142ki Wielkanoc &#8211; zadania &#8222;Wielkanocne tradycje&#8221; &#8211; opowiadanie &#8222;Wielkanocne tradycje&#8221; &#8211; ilustracje &#8222;Wielkanocna niespodzianka&#8221; &#8211; historyjka obrazkowa \u0106wiczenia grafomotoryczne 30.03.2021 &#8211; Pszcz\u00f3\u0142ki&#8230;<\/p>\n","protected":false},"author":1,"featured_media":0,"parent":0,"menu_order":0,"comment_status":"closed","ping_status":"open","template":"","meta":[],"_links":{"self":[{"href":"http:\/\/akademia-przedszkolaka.net.pl\/nowy-sacz\/wp-json\/wp\/v2\/pages\/2"}],"collection":[{"href":"http:\/\/akademia-przedszkolaka.net.pl\/nowy-sacz\/wp-json\/wp\/v2\/pages"}],"about":[{"href":"http:\/\/akademia-przedszkolaka.net.pl\/nowy-sacz\/wp-json\/wp\/v2\/types\/page"}],"author":[{"embeddable":true,"href":"http:\/\/akademia-przedszkolaka.net.pl\/nowy-sacz\/wp-json\/wp\/v2\/users\/1"}],"replies":[{"embeddable":true,"href":"http:\/\/akademia-przedszkolaka.net.pl\/nowy-sacz\/wp-json\/wp\/v2\/comments?post=2"}],"version-history":[{"count":48,"href":"http:\/\/akademia-przedszkolaka.net.pl\/nowy-sacz\/wp-json\/wp\/v2\/pages\/2\/revisions"}],"predecessor-version":[{"id":1666,"href":"http:\/\/akademia-przedszkolaka.net.pl\/nowy-sacz\/wp-json\/wp\/v2\/pages\/2\/revisions\/1666"}],"wp:attachment":[{"href":"http:\/\/akademia-przedszkolaka.net.pl\/nowy-sacz\/wp-json\/wp\/v2\/media?parent=2"}],"curies":[{"name":"wp","href":"https:\/\/api.w.org\/{rel}","templated":true}]}}