{"id":32,"date":"2018-08-02T21:59:09","date_gmt":"2018-08-02T19:59:09","guid":{"rendered":"http:\/\/akademia-przedszkolaka.net.pl\/grybow\/?page_id=32"},"modified":"2022-01-26T09:09:04","modified_gmt":"2022-01-26T08:09:04","slug":"kontakt","status":"publish","type":"page","link":"http:\/\/akademia-przedszkolaka.net.pl\/grybow\/kontakt\/","title":{"rendered":"Kontakt"},"content":{"rendered":"<h2>Nasze dane adresowe:<\/h2>\n<div class=\"_5aj7 _3-8j _20ud\">\n<div class=\"_4bl9\">\n<div>Akademia Przedszkolaka<\/div>\n<div><span class=\"_2iem\">ul. Moniuszki 17<\/span><\/div>\n<div><span class=\"_2iem\">33-330 Gryb\u00f3w<\/span><\/div>\n<p><code><iframe loading=\"lazy\" style=\"border: 0;\" src=\"https:\/\/www.google.com\/maps\/embed?pb=!1m18!1m12!1m3!1d2584.829398914568!2d20.938047915883015!3d49.61982085474445!2m3!1f0!2f0!3f0!3m2!1i1024!2i768!4f13.1!3m3!1m2!1s0x473de823c43cc835%3A0x15a96d01dd6aac86!2sMoniuszki+17%2C+33-330+Gryb%C3%B3w!5e0!3m2!1spl!2spl!4v1533298966411\" width=\"600\" height=\"450\" frameborder=\"0\" allowfullscreen=\"allowfullscreen\"><\/iframe><br \/>\n<code><\/code><\/code><\/p>\n<\/div>\n<\/div>\n<h3>Jeste\u015bmy te\u017c na Facebook&#8217;u:<\/h3>\n<div><a href=\"https:\/\/www.facebook.com\/Moniuszki17Grybow\/\">https:\/\/www.facebook.com\/Moniuszki17Grybow\/<\/a><\/div>\n<div><\/div>\n<h3>Mo\u017cna si\u0119 z nami skontaktowa\u0107 przez Messenger&#8217;a:<\/h3>\n<div class=\"clearfix _ikh _3-8j _20ud\">\n<div class=\"_4bl9\">\n<div>\n<div><a id=\"u_jsonp_31_h\" href=\"https:\/\/m.me\/Moniuszki17Grybow\" target=\"_blank\" rel=\"noopener nofollow noreferrer\" data-lynx-mode=\"asynclazy\" data-lynx-uri=\"https:\/\/l.facebook.com\/l.php?u=https%3A%2F%2Fm.me%2FMoniuszki17Grybow&amp;h=AT0p_P4qhvVeQTxJKNrWBsTAyCtwphYykFlP8zfl7jO8q6vgVWsCplzpXD6QrU97Lht5Nc-k9wX8GxTeq2xlHRsBxpo6S9S2twfvOLiaUHIIqYh-BlCo6O_yKNqZKSxtAOJQMw\"><span class=\"_2iem\">m.me\/Moniuszki17Grybow<\/span><\/a><\/div>\n<\/div>\n<\/div>\n<\/div>\n<div class=\"_5aj7 _3-8j\">\n<h3 class=\"_4bl7 _3-90 _a8s\">Oraz telefonicznie:<\/h3>\n<div class=\"_4bl7 _3-90 _a8s\">514 122 549<\/div>\n<\/div>\n<div><\/div>\n<h1 style=\"text-align: center;\"><strong>Zapraszamy do kontaktu!<\/strong><\/h1>\n","protected":false},"excerpt":{"rendered":"<p>Nasze dane adresowe: Akademia Przedszkolaka ul. Moniuszki 17 33-330 Gryb\u00f3w Jeste\u015bmy te\u017c na Facebook&#8217;u: https:\/\/www.facebook.com\/Moniuszki17Grybow\/ Mo\u017cna si\u0119 z nami skontaktowa\u0107 przez Messenger&#8217;a: m.me\/Moniuszki17Grybow Oraz telefonicznie: 514 122 549 Zapraszamy do kontaktu!<\/p>\n","protected":false},"author":1,"featured_media":0,"parent":0,"menu_order":0,"comment_status":"closed","ping_status":"closed","template":"","meta":[],"_links":{"self":[{"href":"http:\/\/akademia-przedszkolaka.net.pl\/grybow\/wp-json\/wp\/v2\/pages\/32"}],"collection":[{"href":"http:\/\/akademia-przedszkolaka.net.pl\/grybow\/wp-json\/wp\/v2\/pages"}],"about":[{"href":"http:\/\/akademia-przedszkolaka.net.pl\/grybow\/wp-json\/wp\/v2\/types\/page"}],"author":[{"embeddable":true,"href":"http:\/\/akademia-przedszkolaka.net.pl\/grybow\/wp-json\/wp\/v2\/users\/1"}],"replies":[{"embeddable":true,"href":"http:\/\/akademia-przedszkolaka.net.pl\/grybow\/wp-json\/wp\/v2\/comments?post=32"}],"version-history":[{"count":9,"href":"http:\/\/akademia-przedszkolaka.net.pl\/grybow\/wp-json\/wp\/v2\/pages\/32\/revisions"}],"predecessor-version":[{"id":1093,"href":"http:\/\/akademia-przedszkolaka.net.pl\/grybow\/wp-json\/wp\/v2\/pages\/32\/revisions\/1093"}],"wp:attachment":[{"href":"http:\/\/akademia-przedszkolaka.net.pl\/grybow\/wp-json\/wp\/v2\/media?parent=32"}],"curies":[{"name":"wp","href":"https:\/\/api.w.org\/{rel}","templated":true}]}}